{"id":61,"date":"2014-11-01T19:32:07","date_gmt":"2014-11-01T18:32:07","guid":{"rendered":"http:\/\/bloghosting.jurmatix.de\/klartext-jura\/?page_id=61"},"modified":"2024-11-06T19:16:33","modified_gmt":"2024-11-06T18:16:33","slug":"impressum","status":"publish","type":"page","link":"https:\/\/bloghosting.jurmatix.de\/klartext-jura\/impressum\/","title":{"rendered":"Impressum"},"content":{"rendered":"<p><a href=\"http:\/\/bloghosting.jurmatix.de\/klartext-jura\/files\/2014\/11\/Justitia.jpg\"><img loading=\"lazy\" decoding=\"async\" class=\"alignleft size-medium wp-image-436\" src=\"http:\/\/bloghosting.jurmatix.de\/klartext-jura\/files\/2014\/11\/Justitia-238x300.jpg\" alt=\"Justitia\" width=\"238\" height=\"300\" srcset=\"https:\/\/bloghosting.jurmatix.de\/klartext-jura\/files\/2014\/11\/Justitia-238x300.jpg 238w, https:\/\/bloghosting.jurmatix.de\/klartext-jura\/files\/2014\/11\/Justitia-813x1024.jpg 813w, https:\/\/bloghosting.jurmatix.de\/klartext-jura\/files\/2014\/11\/Justitia.jpg 1909w\" sizes=\"auto, (max-width: 238px) 100vw, 238px\" \/><\/a><\/p>\n<p><strong>Marie Herberger<\/strong><\/p>\n<p>Birkenstra\u00dfe 12<\/p>\n<p>66440 Blieskastel<\/p>\n<p>marie@marie-herberger.de<\/p>\n<p><del>studiosa<\/del>&nbsp;<del>examinata<\/del> diplomata iuris + magistra iuris +&nbsp;doctrix iuris<\/p>\n<p>\u00a9 Die Bilder im Blog stammen (soweit nicht anders angegeben) von <a title=\"Atelier Blickp.\" href=\"https:\/\/www.facebook.com\/pages\/Atelier-Blickp\/512478905472374?fref=ts\" target=\"_blank\" rel=\"noopener\">Atelier Blickp<\/a>&nbsp;&#8211;&nbsp;daf\u00fcr vielen Dank.<\/p>\n<p>&nbsp;<\/p>\n<p>Da der vorliegende Blog sich mit juristischen Inhalten besch\u00e4ftigt, ein paar Worte zu den normativen Grundlagen eines Impressums i.S.v. my lawyers make me say:<\/p>\n<p>Rechtsgrundlage f\u00fcr ein Impressum ist \u00a7 5 Abs. 1 DDG. Danach haben Diensteanbieter f\u00fcr gesch\u00e4ftsm\u00e4\u00dfige, in der Regel gegen Entgelt angebotene digitale Dienste bestimmte Informationen leicht erkennbar, unmittelbar erreichbar und st\u00e4ndig verf\u00fcgbar zu halten.<\/p>\n<p>An das Kriterium der Gesch\u00e4ftsm\u00e4\u00dfigkeit werden keine hohen Anforderungen gestellt. Schon das nachhaltige Angebot von Telekommunikation &#8211; mit oder ohne Gewinnerzielungsabsicht &#8211; gen\u00fcgt. Einschr\u00e4nkend ist aber erforderlich, dass die Dienste in der Regel gegen Entgelt angeboten werden. Informationsangebote, die keinen wirtschaftlichen Hintergrund haben, sind also nicht erfasst (so BT-Drs. 16\/3078, S. 14 zu \u00a7 5 TMG a.F.).<\/p>\n<p>Nach \u00a7 5 Abs. 1 DDG bin ich also nicht verpflichtet, ein Impressum bereit zu halten.<\/p>\n<p>Mein Blog unterliegt aber trotzdem einer gewissen Informationspflicht. Nach \u00a7 18 Abs. 1 Medienstaatsvertrag haben Anbieter von Telemedien, die nicht ausschlie\u00dflich pers\u00f6nlichen oder famili\u00e4ren Zwecken dienen, bestimmte Informationen leicht erkennbar, unmittelbar erreichbar und st\u00e4ndig verf\u00fcgbar zu halten. Ich muss die Leser meines Blogs also blo\u00df \u00fcber meinen Namen und meine Anschrift informieren. Die Angabe meiner Mail-Adresse erfolgt freiwillig &#8211; sie ist nach \u00a7 18 Abs. 1 Nr. 1 Medienstaatsvertrag nicht geboten, w\u00e4re allerdings nach \u00a7 5 Abs. 1 Nr. 2 DDG notwendig, wenn der Anwendungsbereich dieser Norm er\u00f6ffnet w\u00e4re.<\/p>\n","protected":false},"excerpt":{"rendered":"<p>Marie Herberger Birkenstra\u00dfe 12 66440 Blieskastel marie@marie-herberger.de studiosa&nbsp;examinata diplomata iuris + magistra iuris +&nbsp;doctrix iuris \u00a9 Die Bilder im Blog stammen (soweit nicht anders angegeben) von Atelier Blickp&nbsp;&#8211;&nbsp;daf\u00fcr vielen Dank.<\/p>\n","protected":false},"author":10,"featured_media":0,"parent":0,"menu_order":30,"comment_status":"closed","ping_status":"closed","template":"","meta":{"ngg_post_thumbnail":0,"footnotes":""},"class_list":["post-61","page","type-page","status-publish","hentry"],"yoast_head":"<!-- This site is optimized with the Yoast SEO plugin v27.4 - https:\/\/yoast.com\/product\/yoast-seo-wordpress\/ -->\n<title>Impressum - klartext-jura.de<\/title>\n<meta name=\"robots\" content=\"index, follow, max-snippet:-1, max-image-preview:large, max-video-preview:-1\" \/>\n<link rel=\"canonical\" href=\"http:\/\/www.klartext-jura.de\/impressum\/\" \/>\n<meta property=\"og:locale\" content=\"de_DE\" \/>\n<meta property=\"og:type\" content=\"article\" \/>\n<meta property=\"og:title\" content=\"Impressum - klartext-jura.de\" \/>\n<meta property=\"og:description\" content=\"Marie Herberger Birkenstra\u00dfe 12 66440 Blieskastel marie@marie-herberger.de studiosa&nbsp;examinata diplomata iuris + magistra iuris +&nbsp;doctrix iuris \u00a9 Die Bilder im Blog stammen (soweit nicht anders angegeben) von Atelier Blickp&nbsp;&#8211;&nbsp;daf\u00fcr vielen Dank.\" \/>\n<meta property=\"og:url\" content=\"http:\/\/www.klartext-jura.de\/impressum\/\" \/>\n<meta property=\"og:site_name\" content=\"klartext-jura.de\" \/>\n<meta property=\"article:modified_time\" content=\"2024-11-06T18:16:33+00:00\" \/>\n<meta property=\"og:image\" content=\"http:\/\/bloghosting.jurmatix.de\/klartext-jura\/files\/2014\/11\/Justitia-238x300.jpg\" \/>\n<meta name=\"twitter:card\" content=\"summary_large_image\" \/>\n<meta name=\"twitter:label1\" content=\"Gesch\u00e4tzte Lesezeit\" \/>\n\t<meta name=\"twitter:data1\" content=\"2\u00a0Minuten\" \/>\n<script type=\"application\/ld+json\" class=\"yoast-schema-graph\">{\"@context\":\"https:\\\/\\\/schema.org\",\"@graph\":[{\"@type\":\"WebPage\",\"@id\":\"http:\\\/\\\/www.klartext-jura.de\\\/impressum\\\/\",\"url\":\"http:\\\/\\\/www.klartext-jura.de\\\/impressum\\\/\",\"name\":\"Impressum - klartext-jura.de\",\"isPartOf\":{\"@id\":\"http:\\\/\\\/www.klartext-jura.de\\\/#website\"},\"primaryImageOfPage\":{\"@id\":\"http:\\\/\\\/www.klartext-jura.de\\\/impressum\\\/#primaryimage\"},\"image\":{\"@id\":\"http:\\\/\\\/www.klartext-jura.de\\\/impressum\\\/#primaryimage\"},\"thumbnailUrl\":\"http:\\\/\\\/bloghosting.jurmatix.de\\\/klartext-jura\\\/files\\\/2014\\\/11\\\/Justitia-238x300.jpg\",\"datePublished\":\"2014-11-01T18:32:07+00:00\",\"dateModified\":\"2024-11-06T18:16:33+00:00\",\"breadcrumb\":{\"@id\":\"http:\\\/\\\/www.klartext-jura.de\\\/impressum\\\/#breadcrumb\"},\"inLanguage\":\"de\",\"potentialAction\":[{\"@type\":\"ReadAction\",\"target\":[\"http:\\\/\\\/www.klartext-jura.de\\\/impressum\\\/\"]}]},{\"@type\":\"ImageObject\",\"inLanguage\":\"de\",\"@id\":\"http:\\\/\\\/www.klartext-jura.de\\\/impressum\\\/#primaryimage\",\"url\":\"http:\\\/\\\/bloghosting.jurmatix.de\\\/klartext-jura\\\/files\\\/2014\\\/11\\\/Justitia-238x300.jpg\",\"contentUrl\":\"http:\\\/\\\/bloghosting.jurmatix.de\\\/klartext-jura\\\/files\\\/2014\\\/11\\\/Justitia-238x300.jpg\"},{\"@type\":\"BreadcrumbList\",\"@id\":\"http:\\\/\\\/www.klartext-jura.de\\\/impressum\\\/#breadcrumb\",\"itemListElement\":[{\"@type\":\"ListItem\",\"position\":1,\"name\":\"Startseite\",\"item\":\"http:\\\/\\\/www.klartext-jura.de\\\/\"},{\"@type\":\"ListItem\",\"position\":2,\"name\":\"Impressum\"}]},{\"@type\":\"WebSite\",\"@id\":\"http:\\\/\\\/www.klartext-jura.de\\\/#website\",\"url\":\"http:\\\/\\\/www.klartext-jura.de\\\/\",\"name\":\"klartext-jura.de\",\"description\":\"Gezwitscher von Marie Herberger\",\"potentialAction\":[{\"@type\":\"SearchAction\",\"target\":{\"@type\":\"EntryPoint\",\"urlTemplate\":\"http:\\\/\\\/www.klartext-jura.de\\\/?s={search_term_string}\"},\"query-input\":{\"@type\":\"PropertyValueSpecification\",\"valueRequired\":true,\"valueName\":\"search_term_string\"}}],\"inLanguage\":\"de\"}]}<\/script>\n<!-- \/ Yoast SEO plugin. -->","yoast_head_json":{"title":"Impressum - klartext-jura.de","robots":{"index":"index","follow":"follow","max-snippet":"max-snippet:-1","max-image-preview":"max-image-preview:large","max-video-preview":"max-video-preview:-1"},"canonical":"http:\/\/www.klartext-jura.de\/impressum\/","og_locale":"de_DE","og_type":"article","og_title":"Impressum - klartext-jura.de","og_description":"Marie Herberger Birkenstra\u00dfe 12 66440 Blieskastel marie@marie-herberger.de studiosa&nbsp;examinata diplomata iuris + magistra iuris +&nbsp;doctrix iuris \u00a9 Die Bilder im Blog stammen (soweit nicht anders angegeben) von Atelier Blickp&nbsp;&#8211;&nbsp;daf\u00fcr vielen Dank.","og_url":"http:\/\/www.klartext-jura.de\/impressum\/","og_site_name":"klartext-jura.de","article_modified_time":"2024-11-06T18:16:33+00:00","og_image":[{"url":"http:\/\/bloghosting.jurmatix.de\/klartext-jura\/files\/2014\/11\/Justitia-238x300.jpg","type":"","width":"","height":""}],"twitter_card":"summary_large_image","twitter_misc":{"Gesch\u00e4tzte Lesezeit":"2\u00a0Minuten"},"schema":{"@context":"https:\/\/schema.org","@graph":[{"@type":"WebPage","@id":"http:\/\/www.klartext-jura.de\/impressum\/","url":"http:\/\/www.klartext-jura.de\/impressum\/","name":"Impressum - klartext-jura.de","isPartOf":{"@id":"http:\/\/www.klartext-jura.de\/#website"},"primaryImageOfPage":{"@id":"http:\/\/www.klartext-jura.de\/impressum\/#primaryimage"},"image":{"@id":"http:\/\/www.klartext-jura.de\/impressum\/#primaryimage"},"thumbnailUrl":"http:\/\/bloghosting.jurmatix.de\/klartext-jura\/files\/2014\/11\/Justitia-238x300.jpg","datePublished":"2014-11-01T18:32:07+00:00","dateModified":"2024-11-06T18:16:33+00:00","breadcrumb":{"@id":"http:\/\/www.klartext-jura.de\/impressum\/#breadcrumb"},"inLanguage":"de","potentialAction":[{"@type":"ReadAction","target":["http:\/\/www.klartext-jura.de\/impressum\/"]}]},{"@type":"ImageObject","inLanguage":"de","@id":"http:\/\/www.klartext-jura.de\/impressum\/#primaryimage","url":"http:\/\/bloghosting.jurmatix.de\/klartext-jura\/files\/2014\/11\/Justitia-238x300.jpg","contentUrl":"http:\/\/bloghosting.jurmatix.de\/klartext-jura\/files\/2014\/11\/Justitia-238x300.jpg"},{"@type":"BreadcrumbList","@id":"http:\/\/www.klartext-jura.de\/impressum\/#breadcrumb","itemListElement":[{"@type":"ListItem","position":1,"name":"Startseite","item":"http:\/\/www.klartext-jura.de\/"},{"@type":"ListItem","position":2,"name":"Impressum"}]},{"@type":"WebSite","@id":"http:\/\/www.klartext-jura.de\/#website","url":"http:\/\/www.klartext-jura.de\/","name":"klartext-jura.de","description":"Gezwitscher von Marie Herberger","potentialAction":[{"@type":"SearchAction","target":{"@type":"EntryPoint","urlTemplate":"http:\/\/www.klartext-jura.de\/?s={search_term_string}"},"query-input":{"@type":"PropertyValueSpecification","valueRequired":true,"valueName":"search_term_string"}}],"inLanguage":"de"}]}},"_links":{"self":[{"href":"https:\/\/bloghosting.jurmatix.de\/klartext-jura\/wp-json\/wp\/v2\/pages\/61","targetHints":{"allow":["GET"]}}],"collection":[{"href":"https:\/\/bloghosting.jurmatix.de\/klartext-jura\/wp-json\/wp\/v2\/pages"}],"about":[{"href":"https:\/\/bloghosting.jurmatix.de\/klartext-jura\/wp-json\/wp\/v2\/types\/page"}],"author":[{"embeddable":true,"href":"https:\/\/bloghosting.jurmatix.de\/klartext-jura\/wp-json\/wp\/v2\/users\/10"}],"replies":[{"embeddable":true,"href":"https:\/\/bloghosting.jurmatix.de\/klartext-jura\/wp-json\/wp\/v2\/comments?post=61"}],"version-history":[{"count":17,"href":"https:\/\/bloghosting.jurmatix.de\/klartext-jura\/wp-json\/wp\/v2\/pages\/61\/revisions"}],"predecessor-version":[{"id":6558,"href":"https:\/\/bloghosting.jurmatix.de\/klartext-jura\/wp-json\/wp\/v2\/pages\/61\/revisions\/6558"}],"wp:attachment":[{"href":"https:\/\/bloghosting.jurmatix.de\/klartext-jura\/wp-json\/wp\/v2\/media?parent=61"}],"curies":[{"name":"wp","href":"https:\/\/api.w.org\/{rel}","templated":true}]}}